{"id":2041,"date":"2024-09-18T18:45:21","date_gmt":"2024-09-18T18:45:21","guid":{"rendered":"http:\/\/thenucleusorchestral.org\/about-us\/"},"modified":"2025-10-07T03:53:21","modified_gmt":"2025-10-07T03:53:21","slug":"about-us","status":"publish","type":"page","link":"https:\/\/thenucleusorchestral.org\/es\/about-us\/","title":{"rendered":"NOSOTROS"},"content":{"rendered":"<div data-elementor-type=\"wp-page\" data-elementor-id=\"2041\" class=\"elementor elementor-2041\" data-elementor-post-type=\"page\">\n\t\t\t\t<div class=\"elementor-element elementor-element-7ace277 e-flex e-con-boxed e-con e-parent\" data-id=\"7ace277\" data-element_type=\"container\" data-settings=\"{&quot;background_background&quot;:&quot;classic&quot;}\">\n\t\t\t\t\t<div class=\"e-con-inner\">\n\t\t\t\t<div class=\"elementor-element elementor-element-d0c99ad elementor-widget elementor-widget-heading\" data-id=\"d0c99ad\" data-element_type=\"widget\" data-widget_type=\"heading.default\">\n\t\t\t\t<div class=\"elementor-widget-container\">\n\t\t\t\t\t<h2 class=\"elementor-heading-title elementor-size-default\">NOSOTROS<\/h2>\t\t\t\t<\/div>\n\t\t\t\t<\/div>\n\t\t\t\t\t<\/div>\n\t\t\t\t<\/div>\n\t\t<div class=\"elementor-element elementor-element-6f78d11 e-flex e-con-boxed e-con e-parent\" data-id=\"6f78d11\" data-element_type=\"container\">\n\t\t\t\t\t<div class=\"e-con-inner\">\n\t\t\t\t<div class=\"elementor-element elementor-element-7bdd048 elementor-widget elementor-widget-text-editor\" data-id=\"7bdd048\" data-element_type=\"widget\" data-widget_type=\"text-editor.default\">\n\t\t\t\t<div class=\"elementor-widget-container\">\n\t\t\t\t\t\t\t\t\t<p><strong>Programa de Orquesta Infantil y Juvenil<\/strong><\/p>\t\t\t\t\t\t\t\t<\/div>\n\t\t\t\t<\/div>\n\t\t\t\t\t<\/div>\n\t\t\t\t<\/div>\n\t\t<div class=\"elementor-element elementor-element-49772ab e-flex e-con-boxed e-con e-parent\" data-id=\"49772ab\" data-element_type=\"container\" data-settings=\"{&quot;background_background&quot;:&quot;classic&quot;}\">\n\t\t\t\t\t<div class=\"e-con-inner\">\n\t\t<div class=\"elementor-element elementor-element-aa31ff8 e-con-full e-flex e-con e-child\" data-id=\"aa31ff8\" data-element_type=\"container\" data-settings=\"{&quot;background_background&quot;:&quot;classic&quot;}\">\n\t\t\t\t<div class=\"elementor-element elementor-element-bceb8eb elementor-widget elementor-widget-heading\" data-id=\"bceb8eb\" data-element_type=\"widget\" data-widget_type=\"heading.default\">\n\t\t\t\t<div class=\"elementor-widget-container\">\n\t\t\t\t\t<h3 class=\"elementor-heading-title elementor-size-default\">Historia<\/h3>\t\t\t\t<\/div>\n\t\t\t\t<\/div>\n\t\t\t\t<div class=\"elementor-element elementor-element-11a6000 elementor-widget elementor-widget-text-editor\" data-id=\"11a6000\" data-element_type=\"widget\" data-widget_type=\"text-editor.default\">\n\t\t\t\t<div class=\"elementor-widget-container\">\n\t\t\t\t\t\t\t\t\t<p><span style=\"font-weight: 400;\">El programa insignia de la organizaci\u00f3n se lanz\u00f3 en Orlando, Florida, en 2023, atendiendo inicialmente a 30 j\u00f3venes. Actualmente, el programa beneficia a 130 ni\u00f1os y adolescentes de entre 3 y 17 a\u00f1os. En mayo de 2024, se inaugur\u00f3 un programa en Houston, Texas, que actualmente atiende a 25 j\u00f3venes de entre 4 y 14 a\u00f1os. Ambos programas contin\u00faan creciendo gracias a la entusiasta acogida de la comunidad y a la creciente demanda de educaci\u00f3n musical.<\/span><\/p><p><span style=\"font-weight: 400;\">The organization was founded to advance the social and cultural development of new generations through music education. TNO\u2019s programs leverage music as a tool to inspire and empower youth, with a particular emphasis on social inclusion and support for the Latino community. Additionally, the program aims to enrich communities by offering accessible educational initiatives, hosting benefit concerts, and fostering collaborations that promote cultural and social flourishing.<\/span><\/p><p><span style=\"font-weight: 400;\">The organization\u2019s flagship program launched in Orlando, FL in 2023 and served 30 youth at its outset. Now, the program serves 130 youth ages 3-17. In May 2024, we launched a program in Houston, TX, which currently serves 25 youth ages 4-14. Both programs continue to grow thanks to an enthusiastic reception from the community and a growing demand for music education.<\/span><\/p>\t\t\t\t\t\t\t\t<\/div>\n\t\t\t\t<\/div>\n\t\t\t\t<\/div>\n\t\t\t\t\t<\/div>\n\t\t\t\t<\/div>\n\t\t<div class=\"elementor-element elementor-element-dbfdab9 e-con-full e-flex e-con e-parent\" data-id=\"dbfdab9\" data-element_type=\"container\" data-settings=\"{&quot;background_background&quot;:&quot;classic&quot;}\">\n\t\t<div class=\"elementor-element elementor-element-47c7e99 e-con-full e-flex e-con e-child\" data-id=\"47c7e99\" data-element_type=\"container\">\n\t\t<div class=\"elementor-element elementor-element-06857f3 e-con-full e-flex e-con e-child\" data-id=\"06857f3\" data-element_type=\"container\">\n\t\t<div class=\"elementor-element elementor-element-02cd108 e-con-full e-flex e-con e-child\" data-id=\"02cd108\" data-element_type=\"container\">\n\t\t\t\t<div class=\"elementor-element elementor-element-c0b1bf8 elementor-widget elementor-widget-heading\" data-id=\"c0b1bf8\" data-element_type=\"widget\" data-widget_type=\"heading.default\">\n\t\t\t\t<div class=\"elementor-widget-container\">\n\t\t\t\t\t<h3 class=\"elementor-heading-title elementor-size-default\">Nuestra Visi\u00f3n<\/h3>\t\t\t\t<\/div>\n\t\t\t\t<\/div>\n\t\t\t\t<\/div>\n\t\t<div class=\"elementor-element elementor-element-662c8d4 e-con-full e-flex e-con e-child\" data-id=\"662c8d4\" data-element_type=\"container\">\n\t\t\t\t<div class=\"elementor-element elementor-element-dfb204f elementor-widget elementor-widget-text-editor\" data-id=\"dfb204f\" data-element_type=\"widget\" data-widget_type=\"text-editor.default\">\n\t\t\t\t<div class=\"elementor-widget-container\">\n\t\t\t\t\t\t\t\t\t<p><span style=\"font-weight: 400;\">Our vision is to foster an environment where music bridges differences, empowers individuals, and promotes social inclusion. We aim to unlock a universe of possibilities for those we serve, enhancing the cultural, social, and educational vibrancy of our communities, with a particular emphasis on those facing economic challenges.<\/span><\/p>\t\t\t\t\t\t\t\t<\/div>\n\t\t\t\t<\/div>\n\t\t\t\t<\/div>\n\t\t\t\t<\/div>\n\t\t\t\t<\/div>\n\t\t\t\t<\/div>\n\t\t<div class=\"elementor-element elementor-element-15210d9 e-flex e-con-boxed e-con e-parent\" data-id=\"15210d9\" data-element_type=\"container\" data-settings=\"{&quot;background_background&quot;:&quot;classic&quot;}\">\n\t\t\t\t\t<div class=\"e-con-inner\">\n\t\t<div class=\"elementor-element elementor-element-5421e8c e-con-full e-flex e-con e-child\" data-id=\"5421e8c\" data-element_type=\"container\">\n\t\t\t\t<div class=\"elementor-element elementor-element-86ccadc elementor-widget elementor-widget-heading\" data-id=\"86ccadc\" data-element_type=\"widget\" data-widget_type=\"heading.default\">\n\t\t\t\t<div class=\"elementor-widget-container\">\n\t\t\t\t\t<h3 class=\"elementor-heading-title elementor-size-default\">Beneficios<\/h3>\t\t\t\t<\/div>\n\t\t\t\t<\/div>\n\t\t\t\t<div class=\"elementor-element elementor-element-5cf9ccf elementor-widget elementor-widget-text-editor\" data-id=\"5cf9ccf\" data-element_type=\"widget\" data-widget_type=\"text-editor.default\">\n\t\t\t\t<div class=\"elementor-widget-container\">\n\t\t\t\t\t\t\t\t\t<p>The Nucleus Orchestral Program offers high-quality music education that not only develops the artistic talent of young people but also fosters essential skills such as discipline, responsibility, and teamwork.<\/p>\t\t\t\t\t\t\t\t<\/div>\n\t\t\t\t<\/div>\n\t\t\t\t<div class=\"elementor-element elementor-element-18dca1a elementor-widget elementor-widget-text-editor\" data-id=\"18dca1a\" data-element_type=\"widget\" data-widget_type=\"text-editor.default\">\n\t\t\t\t<div class=\"elementor-widget-container\">\n\t\t\t\t\t\t\t\t\t<p>Music education also improves their academic performance and develops leadership skills, preparing them to be future leaders committed to their community. Through music, The Nucleus Orchestral Program creates a unique opportunity to empower young people, enrich local culture, and contribute to collective well-being.<\/p>\t\t\t\t\t\t\t\t<\/div>\n\t\t\t\t<\/div>\n\t\t\t\t<\/div>\n\t\t<div class=\"elementor-element elementor-element-d29e46c e-con-full e-flex e-con e-child\" data-id=\"d29e46c\" data-element_type=\"container\">\n\t\t\t\t<div class=\"elementor-element elementor-element-934a17d elementor-widget elementor-widget-image\" data-id=\"934a17d\" data-element_type=\"widget\" data-widget_type=\"image.default\">\n\t\t\t\t<div class=\"elementor-widget-container\">\n\t\t\t\t\t\t\t\t\t\t\t\t\t\t\t<img fetchpriority=\"high\" decoding=\"async\" width=\"1290\" height=\"1450\" src=\"https:\/\/thenucleusorchestral.org\/wp-content\/uploads\/2025\/06\/Somos-Venezuela-Fest-The-Nucleus-Orchestral-Program.webp\" class=\"attachment-2048x2048 size-2048x2048 wp-image-13144\" alt=\"Somos Venezuela Fest The Nucleus Orchestral Program\" srcset=\"https:\/\/thenucleusorchestral.org\/wp-content\/uploads\/2025\/06\/Somos-Venezuela-Fest-The-Nucleus-Orchestral-Program.webp 1290w, https:\/\/thenucleusorchestral.org\/wp-content\/uploads\/2025\/06\/Somos-Venezuela-Fest-The-Nucleus-Orchestral-Program-267x300.webp 267w, https:\/\/thenucleusorchestral.org\/wp-content\/uploads\/2025\/06\/Somos-Venezuela-Fest-The-Nucleus-Orchestral-Program-911x1024.webp 911w, https:\/\/thenucleusorchestral.org\/wp-content\/uploads\/2025\/06\/Somos-Venezuela-Fest-The-Nucleus-Orchestral-Program-768x863.webp 768w, https:\/\/thenucleusorchestral.org\/wp-content\/uploads\/2025\/06\/Somos-Venezuela-Fest-The-Nucleus-Orchestral-Program-11x12.webp 11w\" sizes=\"(max-width: 1290px) 100vw, 1290px\" \/>\t\t\t\t\t\t\t\t\t\t\t\t\t\t\t<\/div>\n\t\t\t\t<\/div>\n\t\t\t\t<\/div>\n\t\t\t\t\t<\/div>\n\t\t\t\t<\/div>\n\t\t<div class=\"elementor-element elementor-element-a5f490b e-flex e-con-boxed e-con e-parent\" data-id=\"a5f490b\" data-element_type=\"container\" data-settings=\"{&quot;background_background&quot;:&quot;classic&quot;}\">\n\t\t\t\t\t<div class=\"e-con-inner\">\n\t\t<div class=\"elementor-element elementor-element-67a13ba e-con-full e-flex e-con e-child\" data-id=\"67a13ba\" data-element_type=\"container\" data-settings=\"{&quot;background_background&quot;:&quot;classic&quot;}\">\n\t\t\t\t<div class=\"elementor-element elementor-element-9d46d6b elementor-widget elementor-widget-heading\" data-id=\"9d46d6b\" data-element_type=\"widget\" data-widget_type=\"heading.default\">\n\t\t\t\t<div class=\"elementor-widget-container\">\n\t\t\t\t\t<h3 class=\"elementor-heading-title elementor-size-default\">\u00bfQu\u00e9 Hacemos?<\/h3>\t\t\t\t<\/div>\n\t\t\t\t<\/div>\n\t\t\t\t<div class=\"elementor-element elementor-element-34e31d6 elementor-widget elementor-widget-text-editor\" data-id=\"34e31d6\" data-element_type=\"widget\" data-widget_type=\"text-editor.default\">\n\t\t\t\t<div class=\"elementor-widget-container\">\n\t\t\t\t\t\t\t\t\t<p><span style=\"font-weight: 400;\">We offer after-school music programs to youth in underserved communities in Orlando and Houston. Our classes include piano, violin, viola, cello, double bass, flute, clarinet, trumpet, trombone, french horn, percussion, and choir.<\/span><\/p>\t\t\t\t\t\t\t\t<\/div>\n\t\t\t\t<\/div>\n\t\t\t\t<div class=\"elementor-element elementor-element-ce58342 elementor-widget elementor-widget-heading\" data-id=\"ce58342\" data-element_type=\"widget\" data-widget_type=\"heading.default\">\n\t\t\t\t<div class=\"elementor-widget-container\">\n\t\t\t\t\t<h3 class=\"elementor-heading-title elementor-size-default\">\u00bfEn Qu\u00e9 Creemos? <\/h3>\t\t\t\t<\/div>\n\t\t\t\t<\/div>\n\t\t\t\t<div class=\"elementor-element elementor-element-9ac3e8a elementor-widget elementor-widget-text-editor\" data-id=\"9ac3e8a\" data-element_type=\"widget\" data-widget_type=\"text-editor.default\">\n\t\t\t\t<div class=\"elementor-widget-container\">\n\t\t\t\t\t\t\t\t\t<p>Creemos que la m\u00fasica orquestal fomenta el crecimiento de los ni\u00f1os al ense\u00f1arles trabajo en equipo, disciplina y comunicaci\u00f3n. Cada ensayo genera confianza en uno mismo y nutre no solo a los m\u00fasicos, sino tambi\u00e9n a ciudadanos comprometidos y dispuestos a contribuir a su comunidad.<\/p>\t\t\t\t\t\t\t\t<\/div>\n\t\t\t\t<\/div>\n\t\t\t\t<\/div>\n\t\t\t\t\t<\/div>\n\t\t\t\t<\/div>\n\t\t<div class=\"elementor-element elementor-element-fb96958 e-flex e-con-boxed e-con e-parent\" data-id=\"fb96958\" data-element_type=\"container\" data-settings=\"{&quot;background_background&quot;:&quot;classic&quot;}\">\n\t\t\t\t\t<div class=\"e-con-inner\">\n\t\t<div class=\"elementor-element elementor-element-4a21980 e-con-full e-flex e-con e-child\" data-id=\"4a21980\" data-element_type=\"container\" data-settings=\"{&quot;background_background&quot;:&quot;classic&quot;}\">\n\t\t\t\t<div class=\"elementor-element elementor-element-f5841e8 elementor-widget elementor-widget-heading\" data-id=\"f5841e8\" data-element_type=\"widget\" data-widget_type=\"heading.default\">\n\t\t\t\t<div class=\"elementor-widget-container\">\n\t\t\t\t\t<h3 class=\"elementor-heading-title elementor-size-default\">El programa insignia de la organizaci\u00f3n se lanz\u00f3 en Orlando, FL, en 2023 y atendi\u00f3 a 30 j\u00f3venes desde sus inicios.<\/h3>\t\t\t\t<\/div>\n\t\t\t\t<\/div>\n\t\t\t\t<div class=\"elementor-element elementor-element-449069f elementor-widget elementor-widget-text-editor\" data-id=\"449069f\" data-element_type=\"widget\" data-widget_type=\"text-editor.default\">\n\t\t\t\t<div class=\"elementor-widget-container\">\n\t\t\t\t\t\t\t\t\t<p><strong>Hoy, atendemos a 130 j\u00f3venes artistas de entre 3 y 17 a\u00f1os.\u00a0<\/strong><\/p><p><strong>Desde mayo de 2024, lanzamos un programa en Houston, TX. TNO-TX atiende a m\u00e1s de 50 estudiantes j\u00f3venes de entre 4 y 17 a\u00f1os.<\/strong><\/p><p>Ambos programas contin\u00faan creciendo gracias a una recepci\u00f3n entusiasta por parte de la comunidad y una creciente demanda de educaci\u00f3n musical.<\/p>\t\t\t\t\t\t\t\t<\/div>\n\t\t\t\t<\/div>\n\t\t\t\t<\/div>\n\t\t\t\t\t<\/div>\n\t\t\t\t<\/div>\n\t\t\t\t<\/div>","protected":false},"excerpt":{"rendered":"<p>About Us Children and Youth Orchestra Program History The Nucleus Orchestra was founded in 2023 by four musicians from Venezuela: Benito Liendo, Enn Rene Diaz, Eukaris Anaholi, and Katherine Rivas. Our founders each have between 10 and 30 years of experiences as musicians in orchestras, solo performers, and teaching artists. They were all members of [&hellip;]<\/p>","protected":false},"author":4,"featured_media":0,"parent":0,"menu_order":0,"comment_status":"closed","ping_status":"closed","template":"","meta":{"site-sidebar-layout":"default","site-content-layout":"page-builder","ast-site-content-layout":"full-width-container","site-content-style":"unboxed","site-sidebar-style":"unboxed","ast-global-header-display":"","ast-banner-title-visibility":"","ast-main-header-display":"","ast-hfb-above-header-display":"","ast-hfb-below-header-display":"","ast-hfb-mobile-header-display":"","site-post-title":"disabled","ast-breadcrumbs-content":"","ast-featured-img":"","footer-sml-layout":"","theme-transparent-header-meta":"enabled","adv-header-id-meta":"","stick-header-meta":"","header-above-stick-meta":"","header-main-stick-meta":"","header-below-stick-meta":"","astra-migrate-meta-layouts":"set","ast-page-background-enabled":"default","ast-page-background-meta":{"desktop":{"background-color":"","background-image":"","background-repeat":"repeat","background-position":"center center","background-size":"auto","background-attachment":"scroll","background-type":"","background-media":"","overlay-type":"","overlay-color":"","overlay-opacity":"","overlay-gradient":""},"tablet":{"background-color":"","background-image":"","background-repeat":"repeat","background-position":"center center","background-size":"auto","background-attachment":"scroll","background-type":"","background-media":"","overlay-type":"","overlay-color":"","overlay-opacity":"","overlay-gradient":""},"mobile":{"background-color":"","background-image":"","background-repeat":"repeat","background-position":"center center","background-size":"auto","background-attachment":"scroll","background-type":"","background-media":"","overlay-type":"","overlay-color":"","overlay-opacity":"","overlay-gradient":""}},"ast-content-background-meta":{"desktop":{"background-color":"var(--ast-global-color-5)","background-image":"","background-repeat":"repeat","background-position":"center center","background-size":"auto","background-attachment":"scroll","background-type":"","background-media":"","overlay-type":"","overlay-color":"","overlay-opacity":"","overlay-gradient":""},"tablet":{"background-color":"var(--ast-global-color-5)","background-image":"","background-repeat":"repeat","background-position":"center center","background-size":"auto","background-attachment":"scroll","background-type":"","background-media":"","overlay-type":"","overlay-color":"","overlay-opacity":"","overlay-gradient":""},"mobile":{"background-color":"var(--ast-global-color-5)","background-image":"","background-repeat":"repeat","background-position":"center center","background-size":"auto","background-attachment":"scroll","background-type":"","background-media":"","overlay-type":"","overlay-color":"","overlay-opacity":"","overlay-gradient":""}},"_mbp_gutenberg_autopost":false,"footnotes":""},"class_list":["post-2041","page","type-page","status-publish","hentry"],"_links":{"self":[{"href":"https:\/\/thenucleusorchestral.org\/es\/wp-json\/wp\/v2\/pages\/2041","targetHints":{"allow":["GET"]}}],"collection":[{"href":"https:\/\/thenucleusorchestral.org\/es\/wp-json\/wp\/v2\/pages"}],"about":[{"href":"https:\/\/thenucleusorchestral.org\/es\/wp-json\/wp\/v2\/types\/page"}],"author":[{"embeddable":true,"href":"https:\/\/thenucleusorchestral.org\/es\/wp-json\/wp\/v2\/users\/4"}],"replies":[{"embeddable":true,"href":"https:\/\/thenucleusorchestral.org\/es\/wp-json\/wp\/v2\/comments?post=2041"}],"version-history":[{"count":12,"href":"https:\/\/thenucleusorchestral.org\/es\/wp-json\/wp\/v2\/pages\/2041\/revisions"}],"predecessor-version":[{"id":15966,"href":"https:\/\/thenucleusorchestral.org\/es\/wp-json\/wp\/v2\/pages\/2041\/revisions\/15966"}],"wp:attachment":[{"href":"https:\/\/thenucleusorchestral.org\/es\/wp-json\/wp\/v2\/media?parent=2041"}],"curies":[{"name":"wp","href":"https:\/\/api.w.org\/{rel}","templated":true}]}}