{"id":5162,"date":"2024-10-24T23:49:42","date_gmt":"2024-10-24T23:49:42","guid":{"rendered":"https:\/\/thenucleusorchestral.org\/?page_id=5162"},"modified":"2025-02-15T01:53:59","modified_gmt":"2025-02-15T01:53:59","slug":"maria-fuentes","status":"publish","type":"page","link":"https:\/\/thenucleusorchestral.org\/es\/maria-fuentes\/","title":{"rendered":"Maria Fuentes"},"content":{"rendered":"<div data-elementor-type=\"wp-page\" data-elementor-id=\"5162\" class=\"elementor elementor-5162\" data-elementor-post-type=\"page\">\n\t\t\t\t<div class=\"elementor-element elementor-element-hbr8xay e-flex e-con-boxed e-con e-parent\" data-id=\"hbr8xay\" data-element_type=\"container\" data-settings=\"{&quot;background_background&quot;:&quot;classic&quot;}\">\n\t\t\t\t\t<div class=\"e-con-inner\">\n\t\t<div class=\"elementor-element elementor-element-b72a1f3 e-con-full e-flex e-con e-child\" data-id=\"b72a1f3\" data-element_type=\"container\">\n\t\t\t\t<div class=\"elementor-element elementor-element-fe2530d elementor-widget elementor-widget-heading\" data-id=\"fe2530d\" data-element_type=\"widget\" data-widget_type=\"heading.default\">\n\t\t\t\t<div class=\"elementor-widget-container\">\n\t\t\t\t\t<h6 class=\"elementor-heading-title elementor-size-default\">Maria FUENTES<\/h6>\t\t\t\t<\/div>\n\t\t\t\t<\/div>\n\t\t\t\t<div class=\"elementor-element elementor-element-27a9aed elementor-widget elementor-widget-heading\" data-id=\"27a9aed\" data-element_type=\"widget\" data-widget_type=\"heading.default\">\n\t\t\t\t<div class=\"elementor-widget-container\">\n\t\t\t\t\t<h2 class=\"elementor-heading-title elementor-size-default\">Con una Maestr\u00eda en Educaci\u00f3n y una Licenciatura en M\u00fasica, tiene una s\u00f3lida base acad\u00e9mica en educaci\u00f3n musical.<\/h2>\t\t\t\t<\/div>\n\t\t\t\t<\/div>\n\t\t\t\t<\/div>\n\t\t\t\t\t<\/div>\n\t\t\t\t<\/div>\n\t\t<div class=\"elementor-element elementor-element-6ec2ljd elementor-hidden-tablet e-flex e-con-boxed e-con e-parent\" data-id=\"6ec2ljd\" data-element_type=\"container\" data-settings=\"{&quot;background_background&quot;:&quot;classic&quot;}\">\n\t\t\t\t\t<div class=\"e-con-inner\">\n\t\t<div class=\"elementor-element elementor-element-9acb1e6 e-con-full e-flex e-con e-child\" data-id=\"9acb1e6\" data-element_type=\"container\" data-settings=\"{&quot;background_background&quot;:&quot;classic&quot;}\">\n\t\t\t\t<div class=\"elementor-element elementor-element-7f527a4 elementor-widget elementor-widget-heading\" data-id=\"7f527a4\" data-element_type=\"widget\" data-widget_type=\"heading.default\">\n\t\t\t\t<div class=\"elementor-widget-container\">\n\t\t\t\t\t<h3 class=\"elementor-heading-title elementor-size-default\">Achievements<\/h3>\t\t\t\t<\/div>\n\t\t\t\t<\/div>\n\t\t\t\t<div class=\"elementor-element elementor-element-14b5c3e elementor-widget-divider--view-line elementor-widget elementor-widget-divider\" data-id=\"14b5c3e\" data-element_type=\"widget\" data-widget_type=\"divider.default\">\n\t\t\t\t<div class=\"elementor-widget-container\">\n\t\t\t\t\t\t\t<div class=\"elementor-divider\">\n\t\t\t<span class=\"elementor-divider-separator\">\n\t\t\t\t\t\t<\/span>\n\t\t<\/div>\n\t\t\t\t\t\t<\/div>\n\t\t\t\t<\/div>\n\t\t\t\t<div class=\"elementor-element elementor-element-146990f elementor-icon-list--layout-traditional elementor-list-item-link-full_width elementor-widget elementor-widget-icon-list\" data-id=\"146990f\" data-element_type=\"widget\" data-widget_type=\"icon-list.default\">\n\t\t\t\t<div class=\"elementor-widget-container\">\n\t\t\t\t\t\t\t<ul class=\"elementor-icon-list-items\">\n\t\t\t\t\t\t\t<li class=\"elementor-icon-list-item\">\n\t\t\t\t\t\t\t\t\t\t\t<a href=\"#\">\n\n\t\t\t\t\t\t\t\t\t\t\t\t<span class=\"elementor-icon-list-icon\">\n\t\t\t\t\t\t\t<svg aria-hidden=\"true\" class=\"e-font-icon-svg e-fas-angle-right\" viewbox=\"0 0 256 512\" xmlns=\"http:\/\/www.w3.org\/2000\/svg\"><path d=\"M224.3 273l-136 136c-9.4 9.4-24.6 9.4-33.9 0l-22.6-22.6c-9.4-9.4-9.4-24.6 0-33.9l96.4-96.4-96.4-96.4c-9.4-9.4-9.4-24.6 0-33.9L54.3 103c9.4-9.4 24.6-9.4 33.9 0l136 136c9.5 9.4 9.5 24.6.1 34z\"><\/path><\/svg>\t\t\t\t\t\t<\/span>\n\t\t\t\t\t\t\t\t\t\t<span class=\"elementor-icon-list-text\">S\u00f3lida Formaci\u00f3n Acad\u00e9mica.<\/span>\n\t\t\t\t\t\t\t\t\t\t\t<\/a>\n\t\t\t\t\t\t\t\t\t<\/li>\n\t\t\t\t\t\t\t\t<li class=\"elementor-icon-list-item\">\n\t\t\t\t\t\t\t\t\t\t\t<a href=\"#\">\n\n\t\t\t\t\t\t\t\t\t\t\t\t<span class=\"elementor-icon-list-icon\">\n\t\t\t\t\t\t\t<svg aria-hidden=\"true\" class=\"e-font-icon-svg e-fas-angle-right\" viewbox=\"0 0 256 512\" xmlns=\"http:\/\/www.w3.org\/2000\/svg\"><path d=\"M224.3 273l-136 136c-9.4 9.4-24.6 9.4-33.9 0l-22.6-22.6c-9.4-9.4-9.4-24.6 0-33.9l96.4-96.4-96.4-96.4c-9.4-9.4-9.4-24.6 0-33.9L54.3 103c9.4-9.4 24.6-9.4 33.9 0l136 136c9.5 9.4 9.5 24.6.1 34z\"><\/path><\/svg>\t\t\t\t\t\t<\/span>\n\t\t\t\t\t\t\t\t\t\t<span class=\"elementor-icon-list-text\">Pedagog\u00eda y Mentor\u00eda.<\/span>\n\t\t\t\t\t\t\t\t\t\t\t<\/a>\n\t\t\t\t\t\t\t\t\t<\/li>\n\t\t\t\t\t\t\t\t<li class=\"elementor-icon-list-item\">\n\t\t\t\t\t\t\t\t\t\t\t<a href=\"#\">\n\n\t\t\t\t\t\t\t\t\t\t\t\t<span class=\"elementor-icon-list-icon\">\n\t\t\t\t\t\t\t<svg aria-hidden=\"true\" class=\"e-font-icon-svg e-fas-angle-right\" viewbox=\"0 0 256 512\" xmlns=\"http:\/\/www.w3.org\/2000\/svg\"><path d=\"M224.3 273l-136 136c-9.4 9.4-24.6 9.4-33.9 0l-22.6-22.6c-9.4-9.4-9.4-24.6 0-33.9l96.4-96.4-96.4-96.4c-9.4-9.4-9.4-24.6 0-33.9L54.3 103c9.4-9.4 24.6-9.4 33.9 0l136 136c9.5 9.4 9.5 24.6.1 34z\"><\/path><\/svg>\t\t\t\t\t\t<\/span>\n\t\t\t\t\t\t\t\t\t\t<span class=\"elementor-icon-list-text\">Reconocimiento Internacional<\/span>\n\t\t\t\t\t\t\t\t\t\t\t<\/a>\n\t\t\t\t\t\t\t\t\t<\/li>\n\t\t\t\t\t\t<\/ul>\n\t\t\t\t\t\t<\/div>\n\t\t\t\t<\/div>\n\t\t\t\t<\/div>\n\t\t\t\t\t<\/div>\n\t\t\t\t<\/div>\n\t\t<div class=\"elementor-element elementor-element-cd9449c e-flex e-con-boxed e-con e-child\" data-id=\"cd9449c\" data-element_type=\"container\">\n\t\t\t\t\t<div class=\"e-con-inner\">\n\t\t<div class=\"elementor-element elementor-element-39a1bba e-con-full elementor-hidden-mobile e-flex e-con e-child\" data-id=\"39a1bba\" data-element_type=\"container\">\n\t\t\t\t<div class=\"elementor-element elementor-element-b8dee33 elementor-widget elementor-widget-text-editor\" data-id=\"b8dee33\" data-element_type=\"widget\" data-widget_type=\"text-editor.default\">\n\t\t\t\t<div class=\"elementor-widget-container\">\n\t\t\t\t\t\t\t\t\t<p>Su experiencia profesional incluye la ense\u00f1anza de m\u00fasica en diversos niveles, desde la primera infancia hasta la universidad, en Venezuela y M\u00e9xico. Como ex miembro de la Orquesta Sinf\u00f3nica Nacional, aporta una gran experiencia musical a su ense\u00f1anza.<\/p><p>Tambi\u00e9n se ha desempe\u00f1ado como directora coral, directora de conjunto y desarrolladora de planes de estudio.<\/p>\t\t\t\t\t\t\t\t<\/div>\n\t\t\t\t<\/div>\n\t\t\t\t<div class=\"elementor-element elementor-element-720905e elementor-widget elementor-widget-text-editor\" data-id=\"720905e\" data-element_type=\"widget\" data-widget_type=\"text-editor.default\">\n\t\t\t\t<div class=\"elementor-widget-container\">\n\t\t\t\t\t\t\t\t\t<p><strong>Dentro de su amplia experiencia en la docencia y formaci\u00f3n en el campo de la pedagog\u00eda, cabe destacar que ha sido Profesora de M\u00fasica en Venezuela.<\/strong>, docente de Teor\u00eda Musical y Piano en la Escuela de M\u00fasica Don \u00c1ngel Mottola, Anzo\u00e1tegui; M\u00fasica en Preescolar Believe, Guadalajara \u2013 M\u00e9xico (2018-19); Coro y lectura musical en la Academia de M\u00fasica NOVO TEMPO (Emsa) (Guadalajara \u2013 M\u00e9xico 2017- 2018).\u00a0<\/p>\t\t\t\t\t\t\t\t<\/div>\n\t\t\t\t<\/div>\n\t\t\t\t<div class=\"elementor-element elementor-element-ad9cc1e elementor-widget elementor-widget-text-editor\" data-id=\"ad9cc1e\" data-element_type=\"widget\" data-widget_type=\"text-editor.default\">\n\t\t\t\t<div class=\"elementor-widget-container\">\n\t\t\t\t\t\t\t\t\t<p>Tambi\u00e9n se ha desempe\u00f1ado como Profesora de M\u00fasica, Coordinadora y Directora de agrupaciones musicales en el Instituto Universitario Santiago Mari\u00f1o (Iupsm), (Barcelona, \u200b\u200bVenezuela. 2004-2015). Mar\u00eda fue facilitadora de talleres del programa de formaci\u00f3n orquestal, Orquesta T\u00edpica Infantil General Jos\u00e9 Antonio Anzu\u00e1tegui. (Barcelona \u2013 Venezuela. 2015-17).<\/p><p>Fue Profesora de Teor\u00eda Musical y cre\u00f3 la c\u00e1tedra de flauta en la Escuela de M\u00fasica Don \u00c1ngel Mottola (1998-2017 Venezuela); imparti\u00f3 clases de Cuatro, Flauta, Mandolina y Canto en las siguientes instituciones: Unidad Educativa Integral \u201c\u00c1ngel Mottola\u201d (Pto La Cruz \u2013 Venezuela 2005-2016); Unidad Educativa \u201cLaura Vicu\u00f1a\u201d (Pto La Cruz \u2013 Venezuela); Unidad Educativa \u201cEduardo Blanco\u201d (U.E.I.A.M.) (Lecher\u00eda \u2013 Venezuela).\u00a0<\/p><p>Tambi\u00e9n fue Directora Coral del Instituto Universitario Santiago Mari\u00f1o (Iupsm). (Venezuela, 2004); Ni\u00f1os Cantores De Oriente (Barcelona \u2013 Venezuela. 1989). Fuentes integr\u00f3 la Orquesta T\u00edpica General Jos\u00e9 Antonio Anzo\u00e1tegui como flautista (Barcelona \u2013 Venezuela. 2012-2017) donde dise\u00f1\u00f3 y desarroll\u00f3 un programa de m\u00fasica social basado en las m\u00fasicas t\u00edpicas de la regi\u00f3n.<\/p>\t\t\t\t\t\t\t\t<\/div>\n\t\t\t\t<\/div>\n\t\t\t\t<\/div>\n\t\t\t\t\t<\/div>\n\t\t\t\t<\/div>\n\t\t<div class=\"elementor-element elementor-element-ad15fc7 e-con-full elementor-hidden-desktop elementor-hidden-tablet e-flex e-con e-child\" data-id=\"ad15fc7\" data-element_type=\"container\">\n\t\t\t\t<div class=\"elementor-element elementor-element-bd15b2b elementor-widget elementor-widget-text-editor\" data-id=\"bd15b2b\" data-element_type=\"widget\" data-widget_type=\"text-editor.default\">\n\t\t\t\t<div class=\"elementor-widget-container\">\n\t\t\t\t\t\t\t\t\t<p><strong>Her professional experience includes teaching music at various levels, from early childhood to university, in Venezuela and Mexico.<\/strong> As a former member of the National Symphony Orchestra, she brings a wealth of musical experience to her teaching.<\/p><p>Tambi\u00e9n se ha desempe\u00f1ado como directora coral, directora de conjunto y desarrolladora de planes de estudio.<\/p>\t\t\t\t\t\t\t\t<\/div>\n\t\t\t\t<\/div>\n\t\t\t\t<div class=\"elementor-element elementor-element-cb1521b elementor-widget elementor-widget-text-editor\" data-id=\"cb1521b\" data-element_type=\"widget\" data-widget_type=\"text-editor.default\">\n\t\t\t\t<div class=\"elementor-widget-container\">\n\t\t\t\t\t\t\t\t\t<p><strong>Within her extensive experience in teaching and training in the field of pedagogy, it is worth noting that she has been a Music Teacher in Venezuela,<\/strong> teaching Music Theory and Piano at the Don \u00c1ngel Mottola Music School, Anzo\u00e1tegui; Music at Believe Preschool, Guadalajara &#8211; Mexico (2018-19); Choir and music reading at the NOVO TEMPO Music Academy (Emsa) (Guadalajara &#8211; Mexico 2017- 2018).\u00a0<\/p>\t\t\t\t\t\t\t\t<\/div>\n\t\t\t\t<\/div>\n\t\t\t\t<div class=\"elementor-element elementor-element-e848b93 elementor-widget elementor-widget-text-editor\" data-id=\"e848b93\" data-element_type=\"widget\" data-widget_type=\"text-editor.default\">\n\t\t\t\t<div class=\"elementor-widget-container\">\n\t\t\t\t\t\t\t\t\t<p>Tambi\u00e9n se ha desempe\u00f1ado como Profesora de M\u00fasica, Coordinadora y Directora de agrupaciones musicales en el Instituto Universitario Santiago Mari\u00f1o (Iupsm), (Barcelona, \u200b\u200bVenezuela. 2004-2015). Mar\u00eda fue facilitadora de talleres del programa de formaci\u00f3n orquestal, Orquesta T\u00edpica Infantil General Jos\u00e9 Antonio Anzu\u00e1tegui. (Barcelona \u2013 Venezuela. 2015-17).<\/p><p>Fue Profesora de Teor\u00eda Musical y cre\u00f3 la c\u00e1tedra de flauta en la Escuela de M\u00fasica Don \u00c1ngel Mottola (1998-2017 Venezuela); imparti\u00f3 clases de Cuatro, Flauta, Mandolina y Canto en las siguientes instituciones: Unidad Educativa Integral \u201c\u00c1ngel Mottola\u201d (Pto La Cruz \u2013 Venezuela 2005-2016); Unidad Educativa \u201cLaura Vicu\u00f1a\u201d (Pto La Cruz \u2013 Venezuela); Unidad Educativa \u201cEduardo Blanco\u201d (U.E.I.A.M.) (Lecher\u00eda \u2013 Venezuela).\u00a0<\/p><p>Tambi\u00e9n fue Directora Coral del Instituto Universitario Santiago Mari\u00f1o (Iupsm). (Venezuela, 2004); Ni\u00f1os Cantores De Oriente (Barcelona \u2013 Venezuela. 1989). Fuentes integr\u00f3 la Orquesta T\u00edpica General Jos\u00e9 Antonio Anzo\u00e1tegui como flautista (Barcelona \u2013 Venezuela. 2012-2017) donde dise\u00f1\u00f3 y desarroll\u00f3 un programa de m\u00fasica social basado en las m\u00fasicas t\u00edpicas de la regi\u00f3n.<\/p>\t\t\t\t\t\t\t\t<\/div>\n\t\t\t\t<\/div>\n\t\t\t\t<\/div>\n\t\t<div class=\"elementor-element elementor-element-ozsm8j6 e-flex e-con-boxed e-con e-parent\" data-id=\"ozsm8j6\" data-element_type=\"container\" data-settings=\"{&quot;background_background&quot;:&quot;classic&quot;}\">\n\t\t\t\t\t<div class=\"e-con-inner\">\n\t\t<div class=\"elementor-element elementor-element-28efc16 e-con-full e-flex e-con e-child\" data-id=\"28efc16\" data-element_type=\"container\">\n\t\t\t\t<div class=\"elementor-element elementor-element-139e36a elementor-widget elementor-widget-heading\" data-id=\"139e36a\" data-element_type=\"widget\" data-widget_type=\"heading.default\">\n\t\t\t\t<div class=\"elementor-widget-container\">\n\t\t\t\t\t<h6 class=\"elementor-heading-title elementor-size-default\">COLABORA CON NOSOTROS<\/h6>\t\t\t\t<\/div>\n\t\t\t\t<\/div>\n\t\t\t\t<div class=\"elementor-element elementor-element-b6cb611 elementor-widget-divider--view-line elementor-widget elementor-widget-divider\" data-id=\"b6cb611\" data-element_type=\"widget\" data-widget_type=\"divider.default\">\n\t\t\t\t<div class=\"elementor-widget-container\">\n\t\t\t\t\t\t\t<div class=\"elementor-divider\">\n\t\t\t<span class=\"elementor-divider-separator\">\n\t\t\t\t\t\t<\/span>\n\t\t<\/div>\n\t\t\t\t\t\t<\/div>\n\t\t\t\t<\/div>\n\t\t\t\t<div class=\"elementor-element elementor-element-d7c810e elementor-widget elementor-widget-heading\" data-id=\"d7c810e\" data-element_type=\"widget\" data-widget_type=\"heading.default\">\n\t\t\t\t<div class=\"elementor-widget-container\">\n\t\t\t\t\t<h3 class=\"elementor-heading-title elementor-size-default\">Si quieres colaborar con una organizaci\u00f3n para generar impacto real en nuestros ni\u00f1os, \u00fanete a nuestro programa de donaci\u00f3n.<\/h3>\t\t\t\t<\/div>\n\t\t\t\t<\/div>\n\t\t\t\t<div class=\"elementor-element elementor-element-4a07c87 elementor-widget elementor-widget-html\" data-id=\"4a07c87\" data-element_type=\"widget\" data-widget_type=\"html.default\">\n\t\t\t\t<div class=\"elementor-widget-container\">\n\t\t\t\t\t<givebutter-widget id=\"jNwdkL\"><\/givebutter-widget> \t\t\t\t<\/div>\n\t\t\t\t<\/div>\n\t\t\t\t<\/div>\n\t\t\t\t\t<\/div>\n\t\t\t\t<\/div>\n\t\t<div class=\"elementor-element elementor-element-32c5bda e-flex e-con-boxed e-con e-parent\" data-id=\"32c5bda\" data-element_type=\"container\">\n\t\t\t\t\t<div class=\"e-con-inner\">\n\t\t\t\t<div class=\"elementor-element elementor-element-0063639 elementor-widget__width-auto elementor-fixed elementor-widget elementor-widget-button\" data-id=\"0063639\" data-element_type=\"widget\" data-settings=\"{&quot;_position&quot;:&quot;fixed&quot;}\" data-widget_type=\"button.default\">\n\t\t\t\t<div class=\"elementor-widget-container\">\n\t\t\t\t\t\t\t\t\t<div class=\"elementor-button-wrapper\">\n\t\t\t\t\t<a class=\"elementor-button elementor-button-link elementor-size-sm\" href=\"https:\/\/wa.link\/igmo3f\">\n\t\t\t\t\t\t<span class=\"elementor-button-content-wrapper\">\n\t\t\t\t\t\t<span class=\"elementor-button-icon\">\n\t\t\t\t<svg aria-hidden=\"true\" class=\"e-font-icon-svg e-fab-whatsapp\" viewbox=\"0 0 448 512\" xmlns=\"http:\/\/www.w3.org\/2000\/svg\"><path d=\"M380.9 97.1C339 55.1 283.2 32 223.9 32c-122.4 0-222 99.6-222 222 0 39.1 10.2 77.3 29.6 111L0 480l117.7-30.9c32.4 17.7 68.9 27 106.1 27h.1c122.3 0 224.1-99.6 224.1-222 0-59.3-25.2-115-67.1-157zm-157 341.6c-33.2 0-65.7-8.9-94-25.7l-6.7-4-69.8 18.3L72 359.2l-4.4-7c-18.5-29.4-28.2-63.3-28.2-98.2 0-101.7 82.8-184.5 184.6-184.5 49.3 0 95.6 19.2 130.4 54.1 34.8 34.9 56.2 81.2 56.1 130.5 0 101.8-84.9 184.6-186.6 184.6zm101.2-138.2c-5.5-2.8-32.8-16.2-37.9-18-5.1-1.9-8.8-2.8-12.5 2.8-3.7 5.6-14.3 18-17.6 21.8-3.2 3.7-6.5 4.2-12 1.4-32.6-16.3-54-29.1-75.5-66-5.7-9.8 5.7-9.1 16.3-30.3 1.8-3.7.9-6.9-.5-9.7-1.4-2.8-12.5-30.1-17.1-41.2-4.5-10.8-9.1-9.3-12.5-9.5-3.2-.2-6.9-.2-10.6-.2-3.7 0-9.7 1.4-14.8 6.9-5.1 5.6-19.4 19-19.4 46.3 0 27.3 19.9 53.7 22.6 57.4 2.8 3.7 39.1 59.7 94.8 83.8 35.2 15.2 49 16.5 66.6 13.9 10.7-1.6 32.8-13.4 37.4-26.4 4.6-13 4.6-24.1 3.2-26.4-1.3-2.5-5-3.9-10.5-6.6z\"><\/path><\/svg>\t\t\t<\/span>\n\t\t\t\t\t\t\t\t<\/span>\n\t\t\t\t\t<\/a>\n\t\t\t\t<\/div>\n\t\t\t\t\t\t\t\t<\/div>\n\t\t\t\t<\/div>\n\t\t\t\t\t<\/div>\n\t\t\t\t<\/div>\n\t\t\t\t<\/div>","protected":false},"excerpt":{"rendered":"<p>Maria FUENTES With a Master&#8217;s in Education and a Bachelor&#8217;s in Music, she has a strong academic foundation in music education. Achievements Solid Academic Training. Pedagogy and Mentoring. International Recognition. Her professional experience includes teaching music at various levels, from early childhood to university, in Venezuela and Mexico. As a former member of the National [&hellip;]<\/p>","protected":false},"author":4,"featured_media":0,"parent":0,"menu_order":0,"comment_status":"closed","ping_status":"closed","template":"","meta":{"site-sidebar-layout":"no-sidebar","site-content-layout":"page-builder","ast-site-content-layout":"full-width-container","site-content-style":"default","site-sidebar-style":"default","ast-global-header-display":"","ast-banner-title-visibility":"","ast-main-header-display":"","ast-hfb-above-header-display":"","ast-hfb-below-header-display":"","ast-hfb-mobile-header-display":"","site-post-title":"disabled","ast-breadcrumbs-content":"","ast-featured-img":"disabled","footer-sml-layout":"","theme-transparent-header-meta":"","adv-header-id-meta":"","stick-header-meta":"","header-above-stick-meta":"","header-main-stick-meta":"","header-below-stick-meta":"","astra-migrate-meta-layouts":"set","ast-page-background-enabled":"default","ast-page-background-meta":{"desktop":{"background-color":"","background-image":"","background-repeat":"repeat","background-position":"center center","background-size":"auto","background-attachment":"scroll","background-type":"","background-media":"","overlay-type":"","overlay-color":"","overlay-opacity":"","overlay-gradient":""},"tablet":{"background-color":"","background-image":"","background-repeat":"repeat","background-position":"center center","background-size":"auto","background-attachment":"scroll","background-type":"","background-media":"","overlay-type":"","overlay-color":"","overlay-opacity":"","overlay-gradient":""},"mobile":{"background-color":"","background-image":"","background-repeat":"repeat","background-position":"center center","background-size":"auto","background-attachment":"scroll","background-type":"","background-media":"","overlay-type":"","overlay-color":"","overlay-opacity":"","overlay-gradient":""}},"ast-content-background-meta":{"desktop":{"background-color":"var(--ast-global-color-5)","background-image":"","background-repeat":"repeat","background-position":"center center","background-size":"auto","background-attachment":"scroll","background-type":"","background-media":"","overlay-type":"","overlay-color":"","overlay-opacity":"","overlay-gradient":""},"tablet":{"background-color":"var(--ast-global-color-5)","background-image":"","background-repeat":"repeat","background-position":"center center","background-size":"auto","background-attachment":"scroll","background-type":"","background-media":"","overlay-type":"","overlay-color":"","overlay-opacity":"","overlay-gradient":""},"mobile":{"background-color":"var(--ast-global-color-5)","background-image":"","background-repeat":"repeat","background-position":"center center","background-size":"auto","background-attachment":"scroll","background-type":"","background-media":"","overlay-type":"","overlay-color":"","overlay-opacity":"","overlay-gradient":""}},"_mbp_gutenberg_autopost":false,"footnotes":""},"class_list":["post-5162","page","type-page","status-publish","hentry"],"_links":{"self":[{"href":"https:\/\/thenucleusorchestral.org\/es\/wp-json\/wp\/v2\/pages\/5162","targetHints":{"allow":["GET"]}}],"collection":[{"href":"https:\/\/thenucleusorchestral.org\/es\/wp-json\/wp\/v2\/pages"}],"about":[{"href":"https:\/\/thenucleusorchestral.org\/es\/wp-json\/wp\/v2\/types\/page"}],"author":[{"embeddable":true,"href":"https:\/\/thenucleusorchestral.org\/es\/wp-json\/wp\/v2\/users\/4"}],"replies":[{"embeddable":true,"href":"https:\/\/thenucleusorchestral.org\/es\/wp-json\/wp\/v2\/comments?post=5162"}],"version-history":[{"count":0,"href":"https:\/\/thenucleusorchestral.org\/es\/wp-json\/wp\/v2\/pages\/5162\/revisions"}],"wp:attachment":[{"href":"https:\/\/thenucleusorchestral.org\/es\/wp-json\/wp\/v2\/media?parent=5162"}],"curies":[{"name":"wp","href":"https:\/\/api.w.org\/{rel}","templated":true}]}}