{"id":7428,"date":"2025-02-14T16:39:07","date_gmt":"2025-02-14T16:39:07","guid":{"rendered":"https:\/\/thenucleusorchestral.org\/?page_id=7428"},"modified":"2025-10-08T03:40:14","modified_gmt":"2025-10-08T03:40:14","slug":"events2025","status":"publish","type":"page","link":"https:\/\/thenucleusorchestral.org\/es\/events2025\/","title":{"rendered":"Eventos 2025"},"content":{"rendered":"<div data-elementor-type=\"wp-page\" data-elementor-id=\"7428\" class=\"elementor elementor-7428\" data-elementor-post-type=\"page\">\n\t\t\t\t<div class=\"elementor-element elementor-element-2d8e0b7b e-con-full e-flex e-con e-parent\" data-id=\"2d8e0b7b\" data-element_type=\"container\" data-settings=\"{&quot;background_background&quot;:&quot;slideshow&quot;,&quot;background_slideshow_gallery&quot;:[{&quot;id&quot;:7438,&quot;url&quot;:&quot;https:\\\/\\\/thenucleusorchestral.org\\\/wp-content\\\/uploads\\\/2025\\\/02\\\/First-Baptist-Orlando.-The-Nucleus-Orchestral-Program-Eventos-2025-scaled.webp&quot;},{&quot;id&quot;:7439,&quot;url&quot;:&quot;https:\\\/\\\/thenucleusorchestral.org\\\/wp-content\\\/uploads\\\/2025\\\/02\\\/First-Baptist-Orlando.-The-Nucleus-Orchestral-Program-Eventos-2025-2-scaled.webp&quot;},{&quot;id&quot;:7440,&quot;url&quot;:&quot;https:\\\/\\\/thenucleusorchestral.org\\\/wp-content\\\/uploads\\\/2025\\\/02\\\/First-Baptist-Orlando.-The-Nucleus-Orchestral-Program-Eventos-Enero-2025-scaled.webp&quot;}],&quot;background_slideshow_slide_duration&quot;:4000,&quot;background_slideshow_slide_transition&quot;:&quot;slide_right&quot;,&quot;background_slideshow_ken_burns&quot;:&quot;yes&quot;,&quot;background_slideshow_loop&quot;:&quot;yes&quot;,&quot;background_slideshow_transition_duration&quot;:500,&quot;background_slideshow_ken_burns_zoom_direction&quot;:&quot;in&quot;}\">\n\t\t<div class=\"elementor-element elementor-element-5b10145d e-con-full e-flex e-con e-child\" data-id=\"5b10145d\" data-element_type=\"container\">\n\t\t\t\t<div class=\"elementor-element elementor-element-3495d14f elementor-widget elementor-widget-heading\" data-id=\"3495d14f\" data-element_type=\"widget\" data-widget_type=\"heading.default\">\n\t\t\t\t<div class=\"elementor-widget-container\">\n\t\t\t\t\t<h1 class=\"elementor-heading-title elementor-size-default\">Eventos 2025<\/h1>\t\t\t\t<\/div>\n\t\t\t\t<\/div>\n\t\t\t\t<div class=\"elementor-element elementor-element-75d3014d elementor-widget elementor-widget-heading\" data-id=\"75d3014d\" data-element_type=\"widget\" data-widget_type=\"heading.default\">\n\t\t\t\t<div class=\"elementor-widget-container\">\n\t\t\t\t\t<h6 class=\"elementor-heading-title elementor-size-default\">\u201cLa m\u00fasica nos une y los ni\u00f1os la hacen brillar\u201d<\/h6>\t\t\t\t<\/div>\n\t\t\t\t<\/div>\n\t\t\t\t<\/div>\n\t\t\t\t<\/div>\n\t\t<div class=\"elementor-element elementor-element-75f993f e-flex e-con-boxed e-con e-parent\" data-id=\"75f993f\" data-element_type=\"container\" data-settings=\"{&quot;background_background&quot;:&quot;classic&quot;}\">\n\t\t\t\t\t<div class=\"e-con-inner\">\n\t\t<div class=\"elementor-element elementor-element-c255bdc e-con-full e-flex e-con e-child\" data-id=\"c255bdc\" data-element_type=\"container\">\n\t\t\t\t<div class=\"elementor-element elementor-element-138dad88 elementor-widget elementor-widget-heading\" data-id=\"138dad88\" data-element_type=\"widget\" data-widget_type=\"heading.default\">\n\t\t\t\t<div class=\"elementor-widget-container\">\n\t\t\t\t\t<h6 class=\"elementor-heading-title elementor-size-default\">La Musica como Puente:<\/h6>\t\t\t\t<\/div>\n\t\t\t\t<\/div>\n\t\t\t\t<div class=\"elementor-element elementor-element-19a43320 elementor-widget elementor-widget-heading\" data-id=\"19a43320\" data-element_type=\"widget\" data-widget_type=\"heading.default\">\n\t\t\t\t<div class=\"elementor-widget-container\">\n\t\t\t\t\t<h2 class=\"elementor-heading-title elementor-size-default\">Unimos a la Comunidad a trav\u00e9s de Nuestros Eventos. <\/h2>\t\t\t\t<\/div>\n\t\t\t\t<\/div>\n\t\t\t\t<\/div>\n\t\t\t\t\t<\/div>\n\t\t\t\t<\/div>\n\t\t<div class=\"elementor-element elementor-element-6e1b732a e-grid e-con-boxed e-con e-parent\" data-id=\"6e1b732a\" data-element_type=\"container\" data-settings=\"{&quot;background_background&quot;:&quot;classic&quot;}\">\n\t\t\t\t\t<div class=\"e-con-inner\">\n\t\t<div class=\"elementor-element elementor-element-7752d7a8 e-con-full e-flex e-con e-child\" data-id=\"7752d7a8\" data-element_type=\"container\">\n\t\t\t\t<div class=\"elementor-element elementor-element-76ea7d8e elementor-widget elementor-widget-image\" data-id=\"76ea7d8e\" data-element_type=\"widget\" data-widget_type=\"image.default\">\n\t\t\t\t<div class=\"elementor-widget-container\">\n\t\t\t\t\t\t\t\t\t\t\t\t\t\t\t\t<a href=\"https:\/\/thenucleusorchestral.org\/es\/first-baptist-orlando\/\">\n\t\t\t\t\t\t\t<img fetchpriority=\"high\" decoding=\"async\" width=\"505\" height=\"305\" src=\"https:\/\/thenucleusorchestral.org\/wp-content\/uploads\/2025\/02\/Eventos-2025-The-Nuclesu-Orchestral-Program.webp\" class=\"attachment-full size-full wp-image-7430\" alt=\"Eventos 2025 Programa de Orquesta Infantil y Juvenil en Orlando Florida y Texas, The Nucleus Orchestral. Children and Youth Orchestra Program in Orlando Florida and Texas, The Nucleus Orchestral.\" srcset=\"https:\/\/thenucleusorchestral.org\/wp-content\/uploads\/2025\/02\/Eventos-2025-The-Nuclesu-Orchestral-Program.webp 505w, https:\/\/thenucleusorchestral.org\/wp-content\/uploads\/2025\/02\/Eventos-2025-The-Nuclesu-Orchestral-Program-300x181.webp 300w\" sizes=\"(max-width: 505px) 100vw, 505px\" \/>\t\t\t\t\t\t\t\t<\/a>\n\t\t\t\t\t\t\t\t\t\t\t\t\t\t\t<\/div>\n\t\t\t\t<\/div>\n\t\t\t\t<div class=\"elementor-element elementor-element-25207e9d elementor-widget elementor-widget-heading\" data-id=\"25207e9d\" data-element_type=\"widget\" data-widget_type=\"heading.default\">\n\t\t\t\t<div class=\"elementor-widget-container\">\n\t\t\t\t\t<h6 class=\"elementor-heading-title elementor-size-default\"><a href=\"https:\/\/thenucleusorchestral.org\/es\/first-baptist-orlando\/\">First Baptist Orlando.<\/a><\/h6>\t\t\t\t<\/div>\n\t\t\t\t<\/div>\n\t\t\t\t<div class=\"elementor-element elementor-element-534680d5 elementor-widget-divider--view-line elementor-widget elementor-widget-divider\" data-id=\"534680d5\" data-element_type=\"widget\" data-widget_type=\"divider.default\">\n\t\t\t\t<div class=\"elementor-widget-container\">\n\t\t\t\t\t\t\t<div class=\"elementor-divider\">\n\t\t\t<span class=\"elementor-divider-separator\">\n\t\t\t\t\t\t<\/span>\n\t\t<\/div>\n\t\t\t\t\t\t<\/div>\n\t\t\t\t<\/div>\n\t\t\t\t<div class=\"elementor-element elementor-element-1926e810 elementor-widget elementor-widget-heading\" data-id=\"1926e810\" data-element_type=\"widget\" data-widget_type=\"heading.default\">\n\t\t\t\t<div class=\"elementor-widget-container\">\n\t\t\t\t\t<h5 class=\"elementor-heading-title elementor-size-default\"><a href=\"https:\/\/thenucleusorchestral.org\/es\/first-baptist-orlando\/\">11 de Enero 2025.<\/a><\/h5>\t\t\t\t<\/div>\n\t\t\t\t<\/div>\n\t\t\t\t<\/div>\n\t\t<div class=\"elementor-element elementor-element-25c800f e-con-full e-flex e-con e-child\" data-id=\"25c800f\" data-element_type=\"container\">\n\t\t\t\t<div class=\"elementor-element elementor-element-838c313 elementor-widget elementor-widget-image\" data-id=\"838c313\" data-element_type=\"widget\" data-widget_type=\"image.default\">\n\t\t\t\t<div class=\"elementor-widget-container\">\n\t\t\t\t\t\t\t\t\t\t\t\t\t\t\t\t<a href=\"https:\/\/thenucleusorchestral.org\/es\/a-resounding-success-the-nucleus-orchestral-programs-summer-gala-concert\/\">\n\t\t\t\t\t\t\t<img decoding=\"async\" width=\"1668\" height=\"1105\" src=\"https:\/\/thenucleusorchestral.org\/wp-content\/uploads\/2025\/10\/DSC_1370.webp\" class=\"attachment-full size-full wp-image-16105\" alt=\"\" srcset=\"https:\/\/thenucleusorchestral.org\/wp-content\/uploads\/2025\/10\/DSC_1370.webp 1668w, https:\/\/thenucleusorchestral.org\/wp-content\/uploads\/2025\/10\/DSC_1370-300x199.webp 300w, https:\/\/thenucleusorchestral.org\/wp-content\/uploads\/2025\/10\/DSC_1370-1024x678.webp 1024w, https:\/\/thenucleusorchestral.org\/wp-content\/uploads\/2025\/10\/DSC_1370-768x509.webp 768w, https:\/\/thenucleusorchestral.org\/wp-content\/uploads\/2025\/10\/DSC_1370-1536x1018.webp 1536w, https:\/\/thenucleusorchestral.org\/wp-content\/uploads\/2025\/10\/DSC_1370-18x12.webp 18w\" sizes=\"(max-width: 1668px) 100vw, 1668px\" \/>\t\t\t\t\t\t\t\t<\/a>\n\t\t\t\t\t\t\t\t\t\t\t\t\t\t\t<\/div>\n\t\t\t\t<\/div>\n\t\t\t\t<div class=\"elementor-element elementor-element-7d5443b elementor-widget elementor-widget-heading\" data-id=\"7d5443b\" data-element_type=\"widget\" data-widget_type=\"heading.default\">\n\t\t\t\t<div class=\"elementor-widget-container\">\n\t\t\t\t\t<h6 class=\"elementor-heading-title elementor-size-default\">Gran \u00e9xito en el Concierto de Gala de Verano del The Nucleus Orchestral Program\n<\/h6>\t\t\t\t<\/div>\n\t\t\t\t<\/div>\n\t\t\t\t<div class=\"elementor-element elementor-element-cdc7986 elementor-widget-divider--view-line elementor-widget elementor-widget-divider\" data-id=\"cdc7986\" data-element_type=\"widget\" data-widget_type=\"divider.default\">\n\t\t\t\t<div class=\"elementor-widget-container\">\n\t\t\t\t\t\t\t<div class=\"elementor-divider\">\n\t\t\t<span class=\"elementor-divider-separator\">\n\t\t\t\t\t\t<\/span>\n\t\t<\/div>\n\t\t\t\t\t\t<\/div>\n\t\t\t\t<\/div>\n\t\t\t\t<div class=\"elementor-element elementor-element-c0f92ee elementor-widget elementor-widget-heading\" data-id=\"c0f92ee\" data-element_type=\"widget\" data-widget_type=\"heading.default\">\n\t\t\t\t<div class=\"elementor-widget-container\">\n\t\t\t\t\t<h5 class=\"elementor-heading-title elementor-size-default\"><a href=\"https:\/\/thenucleusorchestral.org\/es\/a-resounding-success-the-nucleus-orchestral-programs-summer-gala-concert\/\">Friday, July 19<\/a><\/h5>\t\t\t\t<\/div>\n\t\t\t\t<\/div>\n\t\t\t\t<\/div>\n\t\t<div class=\"elementor-element elementor-element-bbae9b9 e-con-full e-flex e-con e-child\" data-id=\"bbae9b9\" data-element_type=\"container\">\n\t\t\t\t<div class=\"elementor-element elementor-element-d113e41 elementor-widget elementor-widget-image\" data-id=\"d113e41\" data-element_type=\"widget\" data-widget_type=\"image.default\">\n\t\t\t\t<div class=\"elementor-widget-container\">\n\t\t\t\t\t\t\t\t\t\t\t\t\t\t\t\t<a href=\"https:\/\/thenucleusorchestral.org\/es\/participation-in-the-yola-national-festival-2025\/\">\n\t\t\t\t\t\t\t<img decoding=\"async\" width=\"900\" height=\"1200\" src=\"https:\/\/thenucleusorchestral.org\/wp-content\/uploads\/2025\/10\/IMG_2633-1.webp\" class=\"attachment-full size-full wp-image-16135\" alt=\"\" srcset=\"https:\/\/thenucleusorchestral.org\/wp-content\/uploads\/2025\/10\/IMG_2633-1.webp 900w, https:\/\/thenucleusorchestral.org\/wp-content\/uploads\/2025\/10\/IMG_2633-1-225x300.webp 225w, https:\/\/thenucleusorchestral.org\/wp-content\/uploads\/2025\/10\/IMG_2633-1-768x1024.webp 768w, https:\/\/thenucleusorchestral.org\/wp-content\/uploads\/2025\/10\/IMG_2633-1-9x12.webp 9w\" sizes=\"(max-width: 900px) 100vw, 900px\" \/>\t\t\t\t\t\t\t\t<\/a>\n\t\t\t\t\t\t\t\t\t\t\t\t\t\t\t<\/div>\n\t\t\t\t<\/div>\n\t\t\t\t<div class=\"elementor-element elementor-element-0fa72cc elementor-widget elementor-widget-heading\" data-id=\"0fa72cc\" data-element_type=\"widget\" data-widget_type=\"heading.default\">\n\t\t\t\t<div class=\"elementor-widget-container\">\n\t\t\t\t\t<h6 class=\"elementor-heading-title elementor-size-default\"><a href=\"https:\/\/thenucleusorchestral.org\/es\/participation-in-the-yola-national-festival-2025\/\">Participaci\u00f3n en el Festival Nacional YOLA 2025<\/a><\/h6>\t\t\t\t<\/div>\n\t\t\t\t<\/div>\n\t\t\t\t<div class=\"elementor-element elementor-element-0f4a6fa elementor-widget-divider--view-line elementor-widget elementor-widget-divider\" data-id=\"0f4a6fa\" data-element_type=\"widget\" data-widget_type=\"divider.default\">\n\t\t\t\t<div class=\"elementor-widget-container\">\n\t\t\t\t\t\t\t<div class=\"elementor-divider\">\n\t\t\t<span class=\"elementor-divider-separator\">\n\t\t\t\t\t\t<\/span>\n\t\t<\/div>\n\t\t\t\t\t\t<\/div>\n\t\t\t\t<\/div>\n\t\t\t\t<div class=\"elementor-element elementor-element-e61927c elementor-widget elementor-widget-heading\" data-id=\"e61927c\" data-element_type=\"widget\" data-widget_type=\"heading.default\">\n\t\t\t\t<div class=\"elementor-widget-container\">\n\t\t\t\t\t<h5 class=\"elementor-heading-title elementor-size-default\"><a href=\"https:\/\/thenucleusorchestral.org\/es\/participation-in-the-yola-national-festival-2025\/\">July 28\u2013August 13 \n<\/a><\/h5>\t\t\t\t<\/div>\n\t\t\t\t<\/div>\n\t\t\t\t<\/div>\n\t\t<div class=\"elementor-element elementor-element-26901b8 e-con-full e-flex e-con e-child\" data-id=\"26901b8\" data-element_type=\"container\">\n\t\t\t\t<div class=\"elementor-element elementor-element-082b1e4 elementor-widget elementor-widget-image\" data-id=\"082b1e4\" data-element_type=\"widget\" data-widget_type=\"image.default\">\n\t\t\t\t<div class=\"elementor-widget-container\">\n\t\t\t\t\t\t\t\t\t\t\t\t\t\t\t\t<a href=\"https:\/\/thenucleusorchestral.org\/es\/lake-buena-vista-resort-village-spa\/\">\n\t\t\t\t\t\t\t<img loading=\"lazy\" decoding=\"async\" width=\"1290\" height=\"1690\" src=\"https:\/\/thenucleusorchestral.org\/wp-content\/uploads\/2025\/10\/IMG_3169.webp\" class=\"attachment-full size-full wp-image-16151\" alt=\"\" srcset=\"https:\/\/thenucleusorchestral.org\/wp-content\/uploads\/2025\/10\/IMG_3169.webp 1290w, https:\/\/thenucleusorchestral.org\/wp-content\/uploads\/2025\/10\/IMG_3169-229x300.webp 229w, https:\/\/thenucleusorchestral.org\/wp-content\/uploads\/2025\/10\/IMG_3169-782x1024.webp 782w, https:\/\/thenucleusorchestral.org\/wp-content\/uploads\/2025\/10\/IMG_3169-768x1006.webp 768w, https:\/\/thenucleusorchestral.org\/wp-content\/uploads\/2025\/10\/IMG_3169-1172x1536.webp 1172w, https:\/\/thenucleusorchestral.org\/wp-content\/uploads\/2025\/10\/IMG_3169-9x12.webp 9w\" sizes=\"(max-width: 1290px) 100vw, 1290px\" \/>\t\t\t\t\t\t\t\t<\/a>\n\t\t\t\t\t\t\t\t\t\t\t\t\t\t\t<\/div>\n\t\t\t\t<\/div>\n\t\t\t\t<div class=\"elementor-element elementor-element-3eb2f82 elementor-widget elementor-widget-heading\" data-id=\"3eb2f82\" data-element_type=\"widget\" data-widget_type=\"heading.default\">\n\t\t\t\t<div class=\"elementor-widget-container\">\n\t\t\t\t\t<h6 class=\"elementor-heading-title elementor-size-default\"><a href=\"https:\/\/thenucleusorchestral.org\/es\/lake-buena-vista-resort-village-spa\/\">Lake Buena Vista Resort Village &amp; Spa<\/a><\/h6>\t\t\t\t<\/div>\n\t\t\t\t<\/div>\n\t\t\t\t<div class=\"elementor-element elementor-element-135b284 elementor-widget-divider--view-line elementor-widget elementor-widget-divider\" data-id=\"135b284\" data-element_type=\"widget\" data-widget_type=\"divider.default\">\n\t\t\t\t<div class=\"elementor-widget-container\">\n\t\t\t\t\t\t\t<div class=\"elementor-divider\">\n\t\t\t<span class=\"elementor-divider-separator\">\n\t\t\t\t\t\t<\/span>\n\t\t<\/div>\n\t\t\t\t\t\t<\/div>\n\t\t\t\t<\/div>\n\t\t\t\t<div class=\"elementor-element elementor-element-7d4abaa elementor-widget elementor-widget-heading\" data-id=\"7d4abaa\" data-element_type=\"widget\" data-widget_type=\"heading.default\">\n\t\t\t\t<div class=\"elementor-widget-container\">\n\t\t\t\t\t<h5 class=\"elementor-heading-title elementor-size-default\"><a href=\"https:\/\/thenucleusorchestral.org\/es\/lake-buena-vista-resort-village-spa\/\">17 de agosto de 2025<\/a><\/h5>\t\t\t\t<\/div>\n\t\t\t\t<\/div>\n\t\t\t\t<\/div>\n\t\t\t\t\t<\/div>\n\t\t\t\t<\/div>\n\t\t<div class=\"elementor-element elementor-element-75f5404 e-flex e-con-boxed e-con e-parent\" data-id=\"75f5404\" data-element_type=\"container\" data-settings=\"{&quot;background_background&quot;:&quot;classic&quot;}\">\n\t\t\t\t\t<div class=\"e-con-inner\">\n\t\t<div class=\"elementor-element elementor-element-b7a81dc e-con-full e-flex e-con e-child\" data-id=\"b7a81dc\" data-element_type=\"container\">\n\t\t\t\t<div class=\"elementor-element elementor-element-23ad89c elementor-widget elementor-widget-heading\" data-id=\"23ad89c\" data-element_type=\"widget\" data-widget_type=\"heading.default\">\n\t\t\t\t<div class=\"elementor-widget-container\">\n\t\t\t\t\t<h6 class=\"elementor-heading-title elementor-size-default\">COLABORA CON NOSOTROS<\/h6>\t\t\t\t<\/div>\n\t\t\t\t<\/div>\n\t\t\t\t<div class=\"elementor-element elementor-element-d35cf28 elementor-widget-divider--view-line elementor-widget elementor-widget-divider\" data-id=\"d35cf28\" data-element_type=\"widget\" data-widget_type=\"divider.default\">\n\t\t\t\t<div class=\"elementor-widget-container\">\n\t\t\t\t\t\t\t<div class=\"elementor-divider\">\n\t\t\t<span class=\"elementor-divider-separator\">\n\t\t\t\t\t\t<\/span>\n\t\t<\/div>\n\t\t\t\t\t\t<\/div>\n\t\t\t\t<\/div>\n\t\t\t\t<div class=\"elementor-element elementor-element-9c4744d elementor-widget elementor-widget-heading\" data-id=\"9c4744d\" data-element_type=\"widget\" data-widget_type=\"heading.default\">\n\t\t\t\t<div class=\"elementor-widget-container\">\n\t\t\t\t\t<h3 class=\"elementor-heading-title elementor-size-default\">Si quieres colaborar con una organizaci\u00f3n para generar impacto real en nuestros ni\u00f1os, \u00fanete a nuestro programa de donaci\u00f3n.<\/h3>\t\t\t\t<\/div>\n\t\t\t\t<\/div>\n\t\t\t\t<div class=\"elementor-element elementor-element-f7886d7 elementor-widget elementor-widget-html\" data-id=\"f7886d7\" data-element_type=\"widget\" data-widget_type=\"html.default\">\n\t\t\t\t<div class=\"elementor-widget-container\">\n\t\t\t\t\t<givebutter-widget id=\"jNwdkL\"><\/givebutter-widget> \t\t\t\t<\/div>\n\t\t\t\t<\/div>\n\t\t\t\t<\/div>\n\t\t\t\t\t<\/div>\n\t\t\t\t<\/div>\n\t\t\t\t<\/div>","protected":false},"excerpt":{"rendered":"<p>Events 2025 \u201cMusic brings us together and children make it Shine\u201d Music as a bridge: We unite the community through our events. First Baptist Orlando. January 11, 2025. A Resounding Success: The Nucleus Orchestral Program\u2019s Summer Gala Concert Friday, July 19 Participation in the YOLA National Festival 2025 July 28\u2013August 13 Lake Buena Vista Resort [&hellip;]<\/p>","protected":false},"author":4,"featured_media":10668,"parent":0,"menu_order":0,"comment_status":"closed","ping_status":"closed","template":"","meta":{"site-sidebar-layout":"no-sidebar","site-content-layout":"page-builder","ast-site-content-layout":"full-width-container","site-content-style":"default","site-sidebar-style":"default","ast-global-header-display":"","ast-banner-title-visibility":"","ast-main-header-display":"","ast-hfb-above-header-display":"","ast-hfb-below-header-display":"","ast-hfb-mobile-header-display":"","site-post-title":"disabled","ast-breadcrumbs-content":"","ast-featured-img":"disabled","footer-sml-layout":"","theme-transparent-header-meta":"","adv-header-id-meta":"","stick-header-meta":"","header-above-stick-meta":"","header-main-stick-meta":"","header-below-stick-meta":"","astra-migrate-meta-layouts":"set","ast-page-background-enabled":"default","ast-page-background-meta":{"desktop":{"background-color":"","background-image":"","background-repeat":"repeat","background-position":"center center","background-size":"auto","background-attachment":"scroll","background-type":"","background-media":"","overlay-type":"","overlay-color":"","overlay-opacity":"","overlay-gradient":""},"tablet":{"background-color":"","background-image":"","background-repeat":"repeat","background-position":"center center","background-size":"auto","background-attachment":"scroll","background-type":"","background-media":"","overlay-type":"","overlay-color":"","overlay-opacity":"","overlay-gradient":""},"mobile":{"background-color":"","background-image":"","background-repeat":"repeat","background-position":"center center","background-size":"auto","background-attachment":"scroll","background-type":"","background-media":"","overlay-type":"","overlay-color":"","overlay-opacity":"","overlay-gradient":""}},"ast-content-background-meta":{"desktop":{"background-color":"var(--ast-global-color-5)","background-image":"","background-repeat":"repeat","background-position":"center center","background-size":"auto","background-attachment":"scroll","background-type":"","background-media":"","overlay-type":"","overlay-color":"","overlay-opacity":"","overlay-gradient":""},"tablet":{"background-color":"var(--ast-global-color-5)","background-image":"","background-repeat":"repeat","background-position":"center center","background-size":"auto","background-attachment":"scroll","background-type":"","background-media":"","overlay-type":"","overlay-color":"","overlay-opacity":"","overlay-gradient":""},"mobile":{"background-color":"var(--ast-global-color-5)","background-image":"","background-repeat":"repeat","background-position":"center center","background-size":"auto","background-attachment":"scroll","background-type":"","background-media":"","overlay-type":"","overlay-color":"","overlay-opacity":"","overlay-gradient":""}},"_mbp_gutenberg_autopost":false,"footnotes":""},"class_list":["post-7428","page","type-page","status-publish","has-post-thumbnail","hentry"],"_links":{"self":[{"href":"https:\/\/thenucleusorchestral.org\/es\/wp-json\/wp\/v2\/pages\/7428","targetHints":{"allow":["GET"]}}],"collection":[{"href":"https:\/\/thenucleusorchestral.org\/es\/wp-json\/wp\/v2\/pages"}],"about":[{"href":"https:\/\/thenucleusorchestral.org\/es\/wp-json\/wp\/v2\/types\/page"}],"author":[{"embeddable":true,"href":"https:\/\/thenucleusorchestral.org\/es\/wp-json\/wp\/v2\/users\/4"}],"replies":[{"embeddable":true,"href":"https:\/\/thenucleusorchestral.org\/es\/wp-json\/wp\/v2\/comments?post=7428"}],"version-history":[{"count":91,"href":"https:\/\/thenucleusorchestral.org\/es\/wp-json\/wp\/v2\/pages\/7428\/revisions"}],"predecessor-version":[{"id":16167,"href":"https:\/\/thenucleusorchestral.org\/es\/wp-json\/wp\/v2\/pages\/7428\/revisions\/16167"}],"wp:featuredmedia":[{"embeddable":true,"href":"https:\/\/thenucleusorchestral.org\/es\/wp-json\/wp\/v2\/media\/10668"}],"wp:attachment":[{"href":"https:\/\/thenucleusorchestral.org\/es\/wp-json\/wp\/v2\/media?parent=7428"}],"curies":[{"name":"wp","href":"https:\/\/api.w.org\/{rel}","templated":true}]}}