{"id":7651,"date":"2025-02-15T01:45:21","date_gmt":"2025-02-15T01:45:21","guid":{"rendered":"https:\/\/thenucleusorchestral.org\/?page_id=7651"},"modified":"2025-02-20T23:33:02","modified_gmt":"2025-02-20T23:33:02","slug":"victor-fuenmayor","status":"publish","type":"page","link":"https:\/\/thenucleusorchestral.org\/es\/victor-fuenmayor\/","title":{"rendered":"Victor Fuenmayor"},"content":{"rendered":"<div data-elementor-type=\"wp-page\" data-elementor-id=\"7651\" class=\"elementor elementor-7651\" data-elementor-post-type=\"page\">\n\t\t\t\t<div class=\"elementor-element elementor-element-4f104f48 e-flex e-con-boxed e-con e-parent\" data-id=\"4f104f48\" data-element_type=\"container\" data-settings=\"{&quot;background_background&quot;:&quot;classic&quot;}\">\n\t\t\t\t\t<div class=\"e-con-inner\">\n\t\t<div class=\"elementor-element elementor-element-2c67ad86 e-con-full e-flex e-con e-child\" data-id=\"2c67ad86\" data-element_type=\"container\">\n\t\t\t\t<div class=\"elementor-element elementor-element-22ca46ed elementor-widget elementor-widget-heading\" data-id=\"22ca46ed\" data-element_type=\"widget\" data-widget_type=\"heading.default\">\n\t\t\t\t<div class=\"elementor-widget-container\">\n\t\t\t\t\t<h6 class=\"elementor-heading-title elementor-size-default\">VICTOR FUENMAYOR<\/h6>\t\t\t\t<\/div>\n\t\t\t\t<\/div>\n\t\t\t\t<div class=\"elementor-element elementor-element-6520438d elementor-widget elementor-widget-heading\" data-id=\"6520438d\" data-element_type=\"widget\" data-widget_type=\"heading.default\">\n\t\t\t\t<div class=\"elementor-widget-container\">\n\t\t\t\t\t<h2 class=\"elementor-heading-title elementor-size-default\">S\u00f3lida formaci\u00f3n acad\u00e9mica y musical, con una destacada trayectoria como profesor de instrumentos de metal.<\/h2>\t\t\t\t<\/div>\n\t\t\t\t<\/div>\n\t\t\t\t<\/div>\n\t\t\t\t\t<\/div>\n\t\t\t\t<\/div>\n\t\t<div class=\"elementor-element elementor-element-21ec5a51 e-flex e-con-boxed e-con e-parent\" data-id=\"21ec5a51\" data-element_type=\"container\" data-settings=\"{&quot;background_background&quot;:&quot;classic&quot;}\">\n\t\t\t\t\t<div class=\"e-con-inner\">\n\t\t<div class=\"elementor-element elementor-element-7cd77f04 e-con-full e-flex e-con e-child\" data-id=\"7cd77f04\" data-element_type=\"container\" data-settings=\"{&quot;background_background&quot;:&quot;classic&quot;}\">\n\t\t\t\t<div class=\"elementor-element elementor-element-3b626e10 elementor-widget elementor-widget-heading\" data-id=\"3b626e10\" data-element_type=\"widget\" data-widget_type=\"heading.default\">\n\t\t\t\t<div class=\"elementor-widget-container\">\n\t\t\t\t\t<h3 class=\"elementor-heading-title elementor-size-default\">Perfil<\/h3>\t\t\t\t<\/div>\n\t\t\t\t<\/div>\n\t\t\t\t<div class=\"elementor-element elementor-element-761983cf elementor-widget-divider--view-line elementor-widget elementor-widget-divider\" data-id=\"761983cf\" data-element_type=\"widget\" data-widget_type=\"divider.default\">\n\t\t\t\t<div class=\"elementor-widget-container\">\n\t\t\t\t\t\t\t<div class=\"elementor-divider\">\n\t\t\t<span class=\"elementor-divider-separator\">\n\t\t\t\t\t\t<\/span>\n\t\t<\/div>\n\t\t\t\t\t\t<\/div>\n\t\t\t\t<\/div>\n\t\t\t\t<div class=\"elementor-element elementor-element-3b2e33d8 elementor-icon-list--layout-traditional elementor-list-item-link-full_width elementor-widget elementor-widget-icon-list\" data-id=\"3b2e33d8\" data-element_type=\"widget\" data-widget_type=\"icon-list.default\">\n\t\t\t\t<div class=\"elementor-widget-container\">\n\t\t\t\t\t\t\t<ul class=\"elementor-icon-list-items\">\n\t\t\t\t\t\t\t<li class=\"elementor-icon-list-item\">\n\t\t\t\t\t\t\t\t\t\t\t<a href=\"#\">\n\n\t\t\t\t\t\t\t\t\t\t\t\t<span class=\"elementor-icon-list-icon\">\n\t\t\t\t\t\t\t<svg aria-hidden=\"true\" class=\"e-font-icon-svg e-fas-angle-right\" viewbox=\"0 0 256 512\" xmlns=\"http:\/\/www.w3.org\/2000\/svg\"><path d=\"M224.3 273l-136 136c-9.4 9.4-24.6 9.4-33.9 0l-22.6-22.6c-9.4-9.4-9.4-24.6 0-33.9l96.4-96.4-96.4-96.4c-9.4-9.4-9.4-24.6 0-33.9L54.3 103c9.4-9.4 24.6-9.4 33.9 0l136 136c9.5 9.4 9.5 24.6.1 34z\"><\/path><\/svg>\t\t\t\t\t\t<\/span>\n\t\t\t\t\t\t\t\t\t\t<span class=\"elementor-icon-list-text\">S\u00f3lida formaci\u00f3n y experiencia en la ejecuci\u00f3n del tromb\u00f3n.<\/span>\n\t\t\t\t\t\t\t\t\t\t\t<\/a>\n\t\t\t\t\t\t\t\t\t<\/li>\n\t\t\t\t\t\t\t\t<li class=\"elementor-icon-list-item\">\n\t\t\t\t\t\t\t\t\t\t\t<a href=\"#\">\n\n\t\t\t\t\t\t\t\t\t\t\t\t<span class=\"elementor-icon-list-icon\">\n\t\t\t\t\t\t\t<svg aria-hidden=\"true\" class=\"e-font-icon-svg e-fas-angle-right\" viewbox=\"0 0 256 512\" xmlns=\"http:\/\/www.w3.org\/2000\/svg\"><path d=\"M224.3 273l-136 136c-9.4 9.4-24.6 9.4-33.9 0l-22.6-22.6c-9.4-9.4-9.4-24.6 0-33.9l96.4-96.4-96.4-96.4c-9.4-9.4-9.4-24.6 0-33.9L54.3 103c9.4-9.4 24.6-9.4 33.9 0l136 136c9.5 9.4 9.5 24.6.1 34z\"><\/path><\/svg>\t\t\t\t\t\t<\/span>\n\t\t\t\t\t\t\t\t\t\t<span class=\"elementor-icon-list-text\">Habilidades pedag\u00f3gicas y compromiso con la formaci\u00f3n musical de j\u00f3venes talentos.<\/span>\n\t\t\t\t\t\t\t\t\t\t\t<\/a>\n\t\t\t\t\t\t\t\t\t<\/li>\n\t\t\t\t\t\t\t\t<li class=\"elementor-icon-list-item\">\n\t\t\t\t\t\t\t\t\t\t\t<a href=\"#\">\n\n\t\t\t\t\t\t\t\t\t\t\t\t<span class=\"elementor-icon-list-icon\">\n\t\t\t\t\t\t\t<svg aria-hidden=\"true\" class=\"e-font-icon-svg e-fas-angle-right\" viewbox=\"0 0 256 512\" xmlns=\"http:\/\/www.w3.org\/2000\/svg\"><path d=\"M224.3 273l-136 136c-9.4 9.4-24.6 9.4-33.9 0l-22.6-22.6c-9.4-9.4-9.4-24.6 0-33.9l96.4-96.4-96.4-96.4c-9.4-9.4-9.4-24.6 0-33.9L54.3 103c9.4-9.4 24.6-9.4 33.9 0l136 136c9.5 9.4 9.5 24.6.1 34z\"><\/path><\/svg>\t\t\t\t\t\t<\/span>\n\t\t\t\t\t\t\t\t\t\t<span class=\"elementor-icon-list-text\">Reconocimiento internacional.<\/span>\n\t\t\t\t\t\t\t\t\t\t\t<\/a>\n\t\t\t\t\t\t\t\t\t<\/li>\n\t\t\t\t\t\t<\/ul>\n\t\t\t\t\t\t<\/div>\n\t\t\t\t<\/div>\n\t\t\t\t<\/div>\n\t\t\t\t\t<\/div>\n\t\t\t\t<\/div>\n\t\t<div class=\"elementor-element elementor-element-29a3f561 e-flex e-con-boxed e-con e-child\" data-id=\"29a3f561\" data-element_type=\"container\" data-settings=\"{&quot;background_background&quot;:&quot;classic&quot;}\">\n\t\t\t\t\t<div class=\"e-con-inner\">\n\t\t<div class=\"elementor-element elementor-element-6879f541 e-con-full e-flex e-con e-child\" data-id=\"6879f541\" data-element_type=\"container\">\n\t\t\t\t<div class=\"elementor-element elementor-element-24d4460 elementor-widget elementor-widget-heading\" data-id=\"24d4460\" data-element_type=\"widget\" data-widget_type=\"heading.default\">\n\t\t\t\t<div class=\"elementor-widget-container\">\n\t\t\t\t\t<h2 class=\"elementor-heading-title elementor-size-default\">Experiencia Laboral<\/h2>\t\t\t\t<\/div>\n\t\t\t\t<\/div>\n\t\t\t\t<div class=\"elementor-element elementor-element-20b77ec3 elementor-widget elementor-widget-text-editor\" data-id=\"20b77ec3\" data-element_type=\"widget\" data-widget_type=\"text-editor.default\">\n\t\t\t\t<div class=\"elementor-widget-container\">\n\t\t\t\t\t\t\t\t\t<p><strong>Trombonista cl\u00e1sico<\/strong> con amplia experiencia en interpretaci\u00f3n orquestal, Big Band de jazz, quinteto de metales y m\u00fasica popular. Adem\u00e1s, <strong>Instructora de trompeta, trompa y tuba<\/strong>, con una s\u00f3lida formaci\u00f3n en docencia y desarrollo musical.<\/p><h5><strong>Educaci\u00f3n y Formaci\u00f3n Musical<\/strong><\/h5><ul><li><strong>Instituto Ni\u00f1os Cantores del Zulia<\/strong> \u2013 Prof. Rafael Pacheco<\/li><li><strong>Conservatorio de M\u00fasica Sim\u00f3n Bol\u00edvar<\/strong> \u2013 Prof. Miguel S\u00e1nchez<\/li><\/ul><h5><strong>Cursos y talleres<\/strong><\/h5><ul><li>Clase magistral con <strong>Prof. Luis Fred<\/strong> (Puerto Rico) \u2013 2008<\/li><li>Clase magistral con <strong>Prof. Mayerlin Carrero<\/strong> (Trombonista, OSSB) \u2013 2009<\/li><li>Clase magistral con <strong>Prof. Melissa S\u00e1nchez<\/strong> (Trombonist, OSSB) \u2013 2010<\/li><li>Clase magistral con <strong>Maestro Norman Bolter<\/strong> (USA) \u2013 2010<\/li><\/ul><h5><strong>Experiencia Laboral<\/strong><\/h5><ul><li><strong>Tromb\u00f3n principal<\/strong> \u2013 Orquesta Sinf\u00f3nica del Zulia | 2008<\/li><li><strong>Tromb\u00f3n principal<\/strong> \u2013 Orquesta Sinf\u00f3nica de Maracaibo | 2012 \u2013 2020<\/li><li><strong>Tromb\u00f3n principal<\/strong> \u2013 Banda Maracaibo | 2010 \u2013 2023<\/li><\/ul><h5><strong>Premios y reconocimientos<\/strong><\/h5><ul><li><strong>Nominaci\u00f3n al Grammy Latino<\/strong> Para grabar en la canci\u00f3n <em>\u201cTe doy mi voz\u201d<\/em> de Ronald Borjas.<\/li><\/ul><h5><strong>Otros Ensambles (m\u00fasica popular)<\/strong><\/h5><ul><li><strong>Banda de Ronald Borjas<\/strong> \u2013 Trombonista<\/li><li><strong>Banda de Nelson Arrieta<\/strong> \u2013 Trombonista<\/li><li><strong>Jorge Luis Chac\u00edn Band<\/strong> \u2013 Trombonista<\/li><li><strong>Grupo Carangano<\/strong> \u2013 Primer tromb\u00f3n<\/li><li><strong>Argenis Carruyo y su Orquesta<\/strong> \u2013 Primer tromb\u00f3n<\/li><\/ul>\t\t\t\t\t\t\t\t<\/div>\n\t\t\t\t<\/div>\n\t\t\t\t<\/div>\n\t\t\t\t\t<\/div>\n\t\t\t\t<\/div>\n\t\t<div class=\"elementor-element elementor-element-cd9c2d7 e-flex e-con-boxed e-con e-parent\" data-id=\"cd9c2d7\" data-element_type=\"container\" data-settings=\"{&quot;background_background&quot;:&quot;classic&quot;}\">\n\t\t\t\t\t<div class=\"e-con-inner\">\n\t\t<div class=\"elementor-element elementor-element-411e7a9b e-con-full e-flex e-con e-child\" data-id=\"411e7a9b\" data-element_type=\"container\">\n\t\t\t\t<div class=\"elementor-element elementor-element-29c535fb elementor-widget elementor-widget-heading\" data-id=\"29c535fb\" data-element_type=\"widget\" data-widget_type=\"heading.default\">\n\t\t\t\t<div class=\"elementor-widget-container\">\n\t\t\t\t\t<h6 class=\"elementor-heading-title elementor-size-default\">COLABORA CON NOSOTROS<\/h6>\t\t\t\t<\/div>\n\t\t\t\t<\/div>\n\t\t\t\t<div class=\"elementor-element elementor-element-70d80b15 elementor-widget-divider--view-line elementor-widget elementor-widget-divider\" data-id=\"70d80b15\" data-element_type=\"widget\" data-widget_type=\"divider.default\">\n\t\t\t\t<div class=\"elementor-widget-container\">\n\t\t\t\t\t\t\t<div class=\"elementor-divider\">\n\t\t\t<span class=\"elementor-divider-separator\">\n\t\t\t\t\t\t<\/span>\n\t\t<\/div>\n\t\t\t\t\t\t<\/div>\n\t\t\t\t<\/div>\n\t\t\t\t<div class=\"elementor-element elementor-element-c98910b elementor-widget elementor-widget-heading\" data-id=\"c98910b\" data-element_type=\"widget\" data-widget_type=\"heading.default\">\n\t\t\t\t<div class=\"elementor-widget-container\">\n\t\t\t\t\t<h3 class=\"elementor-heading-title elementor-size-default\">Si quieres colaborar con una organizaci\u00f3n para generar impacto real en nuestros ni\u00f1os, \u00fanete a nuestro programa de donaci\u00f3n.<\/h3>\t\t\t\t<\/div>\n\t\t\t\t<\/div>\n\t\t\t\t<div class=\"elementor-element elementor-element-2cfde7dd elementor-widget elementor-widget-html\" data-id=\"2cfde7dd\" data-element_type=\"widget\" data-widget_type=\"html.default\">\n\t\t\t\t<div class=\"elementor-widget-container\">\n\t\t\t\t\t<givebutter-widget id=\"jNwdkL\"><\/givebutter-widget> \t\t\t\t<\/div>\n\t\t\t\t<\/div>\n\t\t\t\t<\/div>\n\t\t\t\t\t<\/div>\n\t\t\t\t<\/div>\n\t\t\t\t<\/div>","protected":false},"excerpt":{"rendered":"<p>VICTOR FUENMAYOR Solid academic and musical background, with a distinguished career as a brass instrument instructor. Profile Solid training and experience in trombone performance. Pedagogical skills and commitment to the musical training of young talents. International recognition. Work Experience Classical Trombonist with extensive experience in orchestral performance, jazz Big Band, brass quintet, and popular music. [&hellip;]<\/p>","protected":false},"author":4,"featured_media":7562,"parent":0,"menu_order":0,"comment_status":"closed","ping_status":"closed","template":"","meta":{"site-sidebar-layout":"no-sidebar","site-content-layout":"page-builder","ast-site-content-layout":"full-width-container","site-content-style":"default","site-sidebar-style":"default","ast-global-header-display":"","ast-banner-title-visibility":"","ast-main-header-display":"","ast-hfb-above-header-display":"","ast-hfb-below-header-display":"","ast-hfb-mobile-header-display":"","site-post-title":"disabled","ast-breadcrumbs-content":"","ast-featured-img":"disabled","footer-sml-layout":"","theme-transparent-header-meta":"","adv-header-id-meta":"","stick-header-meta":"","header-above-stick-meta":"","header-main-stick-meta":"","header-below-stick-meta":"","astra-migrate-meta-layouts":"set","ast-page-background-enabled":"default","ast-page-background-meta":{"desktop":{"background-color":"","background-image":"","background-repeat":"repeat","background-position":"center center","background-size":"auto","background-attachment":"scroll","background-type":"","background-media":"","overlay-type":"","overlay-color":"","overlay-opacity":"","overlay-gradient":""},"tablet":{"background-color":"","background-image":"","background-repeat":"repeat","background-position":"center center","background-size":"auto","background-attachment":"scroll","background-type":"","background-media":"","overlay-type":"","overlay-color":"","overlay-opacity":"","overlay-gradient":""},"mobile":{"background-color":"","background-image":"","background-repeat":"repeat","background-position":"center center","background-size":"auto","background-attachment":"scroll","background-type":"","background-media":"","overlay-type":"","overlay-color":"","overlay-opacity":"","overlay-gradient":""}},"ast-content-background-meta":{"desktop":{"background-color":"var(--ast-global-color-5)","background-image":"","background-repeat":"repeat","background-position":"center center","background-size":"auto","background-attachment":"scroll","background-type":"","background-media":"","overlay-type":"","overlay-color":"","overlay-opacity":"","overlay-gradient":""},"tablet":{"background-color":"var(--ast-global-color-5)","background-image":"","background-repeat":"repeat","background-position":"center center","background-size":"auto","background-attachment":"scroll","background-type":"","background-media":"","overlay-type":"","overlay-color":"","overlay-opacity":"","overlay-gradient":""},"mobile":{"background-color":"var(--ast-global-color-5)","background-image":"","background-repeat":"repeat","background-position":"center center","background-size":"auto","background-attachment":"scroll","background-type":"","background-media":"","overlay-type":"","overlay-color":"","overlay-opacity":"","overlay-gradient":""}},"_mbp_gutenberg_autopost":false,"footnotes":""},"class_list":["post-7651","page","type-page","status-publish","has-post-thumbnail","hentry"],"_links":{"self":[{"href":"https:\/\/thenucleusorchestral.org\/es\/wp-json\/wp\/v2\/pages\/7651","targetHints":{"allow":["GET"]}}],"collection":[{"href":"https:\/\/thenucleusorchestral.org\/es\/wp-json\/wp\/v2\/pages"}],"about":[{"href":"https:\/\/thenucleusorchestral.org\/es\/wp-json\/wp\/v2\/types\/page"}],"author":[{"embeddable":true,"href":"https:\/\/thenucleusorchestral.org\/es\/wp-json\/wp\/v2\/users\/4"}],"replies":[{"embeddable":true,"href":"https:\/\/thenucleusorchestral.org\/es\/wp-json\/wp\/v2\/comments?post=7651"}],"version-history":[{"count":81,"href":"https:\/\/thenucleusorchestral.org\/es\/wp-json\/wp\/v2\/pages\/7651\/revisions"}],"predecessor-version":[{"id":8572,"href":"https:\/\/thenucleusorchestral.org\/es\/wp-json\/wp\/v2\/pages\/7651\/revisions\/8572"}],"wp:featuredmedia":[{"embeddable":true,"href":"https:\/\/thenucleusorchestral.org\/es\/wp-json\/wp\/v2\/media\/7562"}],"wp:attachment":[{"href":"https:\/\/thenucleusorchestral.org\/es\/wp-json\/wp\/v2\/media?parent=7651"}],"curies":[{"name":"wp","href":"https:\/\/api.w.org\/{rel}","templated":true}]}}